{"id":598,"date":"2024-02-11T21:31:46","date_gmt":"2024-02-11T20:31:46","guid":{"rendered":"https:\/\/www.gic-mali.com\/?page_id=598"},"modified":"2024-03-10T01:20:25","modified_gmt":"2024-03-10T00:20:25","slug":"presentation","status":"publish","type":"page","link":"https:\/\/www.gic-mali.com\/en\/presentation\/","title":{"rendered":"Presentation"},"content":{"rendered":"\t\t<div data-elementor-type=\"wp-page\" data-elementor-id=\"598\" class=\"elementor elementor-598\">\n\t\t\t\t<div class=\"elementor-element elementor-element-e2bf7f6 e-flex e-con-boxed e-con e-parent\" data-id=\"e2bf7f6\" data-element_type=\"container\" data-e-type=\"container\" data-settings=\"{&quot;background_background&quot;:&quot;slideshow&quot;,&quot;background_slideshow_gallery&quot;:[{&quot;id&quot;:1234,&quot;url&quot;:&quot;http:\\\/\\\/www.gic-mali.com\\\/wp-content\\\/uploads\\\/2024\\\/02\\\/4-4.jpg&quot;},{&quot;id&quot;:1233,&quot;url&quot;:&quot;http:\\\/\\\/www.gic-mali.com\\\/wp-content\\\/uploads\\\/2024\\\/02\\\/3-4.jpg&quot;},{&quot;id&quot;:1272,&quot;url&quot;:&quot;http:\\\/\\\/www.gic-mali.com\\\/wp-content\\\/uploads\\\/2024\\\/02\\\/16.png&quot;},{&quot;id&quot;:1155,&quot;url&quot;:&quot;http:\\\/\\\/www.gic-mali.com\\\/wp-content\\\/uploads\\\/2024\\\/02\\\/7-2.jpg&quot;},{&quot;id&quot;:1105,&quot;url&quot;:&quot;http:\\\/\\\/www.gic-mali.com\\\/wp-content\\\/uploads\\\/2024\\\/02\\\/3-3.jpg&quot;},{&quot;id&quot;:1093,&quot;url&quot;:&quot;http:\\\/\\\/www.gic-mali.com\\\/wp-content\\\/uploads\\\/2024\\\/02\\\/8-1.jpg&quot;},{&quot;id&quot;:1164,&quot;url&quot;:&quot;http:\\\/\\\/www.gic-mali.com\\\/wp-content\\\/uploads\\\/2024\\\/02\\\/9-2.jpg&quot;},{&quot;id&quot;:1270,&quot;url&quot;:&quot;http:\\\/\\\/www.gic-mali.com\\\/wp-content\\\/uploads\\\/2024\\\/02\\\/14-2.jpg&quot;},{&quot;id&quot;:1430,&quot;url&quot;:&quot;http:\\\/\\\/www.gic-mali.com\\\/wp-content\\\/uploads\\\/2024\\\/02\\\/DSC_8861-1-scaled.jpg&quot;},{&quot;id&quot;:2714,&quot;url&quot;:&quot;http:\\\/\\\/www.gic-mali.com\\\/wp-content\\\/uploads\\\/2024\\\/03\\\/Echangeur-de-Segou-2.png&quot;},{&quot;id&quot;:2713,&quot;url&quot;:&quot;http:\\\/\\\/www.gic-mali.com\\\/wp-content\\\/uploads\\\/2024\\\/03\\\/Echangeur-de-Segou-1.jpg&quot;}],&quot;background_slideshow_ken_burns&quot;:&quot;yes&quot;,&quot;background_slideshow_loop&quot;:&quot;yes&quot;,&quot;background_slideshow_slide_duration&quot;:5000,&quot;background_slideshow_slide_transition&quot;:&quot;fade&quot;,&quot;background_slideshow_transition_duration&quot;:500,&quot;background_slideshow_ken_burns_zoom_direction&quot;:&quot;in&quot;}\">\n\t\t\t\t\t<div class=\"e-con-inner\">\n\t\t\t\t<div class=\"elementor-element elementor-element-1ac716b elementor-widget__width-initial elementor-invisible elementor-widget elementor-widget-heading\" data-id=\"1ac716b\" data-element_type=\"widget\" data-e-type=\"widget\" data-settings=\"{&quot;_animation&quot;:&quot;lightSpeedIn&quot;}\" data-widget_type=\"heading.default\">\n\t\t\t\t<div class=\"elementor-widget-container\">\n\t\t\t\t\t<h1 class=\"elementor-heading-title elementor-size-default\">Pr\u00e9sentation du Groupe d\u2019Ing\u00e9nieurs Consultants (GIC)<\/h1>\t\t\t\t<\/div>\n\t\t\t\t<\/div>\n\t\t\t\t\t<\/div>\n\t\t\t\t<\/div>\n\t\t<div class=\"elementor-element elementor-element-a9cd48d e-flex e-con-boxed e-con e-parent\" data-id=\"a9cd48d\" data-element_type=\"container\" data-e-type=\"container\">\n\t\t\t\t\t<div class=\"e-con-inner\">\n\t\t\t\t<div class=\"elementor-element elementor-element-28438e9 elementor-widget elementor-widget-spacer\" data-id=\"28438e9\" data-element_type=\"widget\" data-e-type=\"widget\" data-widget_type=\"spacer.default\">\n\t\t\t\t<div class=\"elementor-widget-container\">\n\t\t\t\t\t\t\t<div class=\"elementor-spacer\">\n\t\t\t<div class=\"elementor-spacer-inner\"><\/div>\n\t\t<\/div>\n\t\t\t\t\t\t<\/div>\n\t\t\t\t<\/div>\n\t\t\t\t\t<\/div>\n\t\t\t\t<\/div>\n\t\t<div class=\"elementor-element elementor-element-5c10041 e-flex e-con-boxed elementor-invisible e-con e-parent\" data-id=\"5c10041\" data-element_type=\"container\" data-e-type=\"container\" data-settings=\"{&quot;background_background&quot;:&quot;gradient&quot;,&quot;animation&quot;:&quot;bounceInLeft&quot;}\">\n\t\t\t\t\t<div class=\"e-con-inner\">\n\t\t\t\t<div class=\"elementor-element elementor-element-a582822 elementor-widget elementor-widget-text-editor\" data-id=\"a582822\" data-element_type=\"widget\" data-e-type=\"widget\" data-widget_type=\"text-editor.default\">\n\t\t\t\t<div class=\"elementor-widget-container\">\n\t\t\t\t\t\t\t\t\t<h5><strong>Le GIC \u00e9t\u00e9 cr\u00e9\u00e9 en 1988 par un regroupement d\u2019ing\u00e9nieurs sous le statut de Groupement d\u2019Int\u00e9r\u00eat Economique (GIE). Il deviendra 6 ans plus tard en 1994 une Soci\u00e9t\u00e9 A Responsabilit\u00e9 Limit\u00e9e SARL. C\u2019est le 1er bureau d\u2019Ing\u00e9nieurs Conseils en R\u00e9publique du Mali cr\u00e9\u00e9 par des jeunes dipl\u00f4m\u00e9s.\u00a0<\/strong><\/h5><h5><strong>En 1988 les jeunes dipl\u00f4m\u00e9s maliens r\u00eavaient pour la plupart d\u2019\u00eatre recrut\u00e9s dans la fonction publique d\u2019Etat. C\u2019est en ce moment que nous avons choisi de nous lancer dans cette aventure que bon nombre de nos camarades de promotion trouvaient risqu\u00e9e. Pensez-vous que le secteur soit porteur nous demandaient certains\u00a0? Vous \u00eates trop jeunes affirmaient d\u2019autres. Le risque est tr\u00e8s grand se h\u00e2tait t- on de conclure\u00a0!<\/strong><\/h5><h5><strong>Aujourd\u2019hui GIC MALI est une r\u00e9f\u00e9rence dans la sous-r\u00e9gion. Il a re\u00e7u en 2002 le prix INTERNATIONAL GOLD STAR FOR QUALITY DE Business Initiative et en 2004 le Prix Malien de la Qualit\u00e9. Cette comp\u00e9tition a \u00e9t\u00e9 organis\u00e9e par le Minist\u00e8re des Industries et du Commerce en collaboration avec l\u2019Association Malienne de la Qualit\u00e9 (AMAQ) et l\u2019UEMOA.<\/strong><\/h5><h5><strong>GIC MALI a \u00e9t\u00e9 un pionnier pour les jeunes Ing\u00e9nieurs d\u00e9sireux de s\u2019investir dans le secteur priv\u00e9. Depuis 1988 le personnel de la soci\u00e9t\u00e9 s\u2019est pleinement investi sous la direction des professionnels pour faire progresser le service.<\/strong><\/h5><h5><strong>GIC MALI poss\u00e8de une grande exp\u00e9rience en gestion et r\u00e9alisation de projets de d\u00e9veloppement.\u00a0 Il s\u2019efforce d\u2019innover et d\u2019apporter une perspective et une compr\u00e9hension originale et unique aux d\u00e9fis pos\u00e9s aux pays en voie de d\u00e9veloppement. La soci\u00e9t\u00e9 est r\u00e9solument engag\u00e9e vers la conception et la mise en place de solutions, techniques et humaines, sensibles aux r\u00e9alit\u00e9s culturelles, \u00e9conomiques, environnementales et politiques en Afrique.<\/strong><\/h5><h5><strong>Au-del\u00e0 des services traditionnels de bureau d\u2019\u00e9tudes tels que les \u00e9tudes de justification, la planification, la conception, les \u00e9tudes techniques pr\u00e9liminaires et d\u00e9taill\u00e9es, l\u2019am\u00e9nagement, le contr\u00f4le et la surveillance, l\u2019entretien, GIC MALI assure des prestations d\u2019assistance technique aupr\u00e8s de divers organismes dans le but de renforcer leurs capacit\u00e9s au moyen de transfert de technologie et de formation dans tous ses aspects.<\/strong><\/h5><h5><strong>Aujourd\u2019hui GIC MALI couvre de nombreux pays africains et assure des prestations de qualit\u00e9 avec professionnalisme.\u00a0<\/strong><\/h5>\t\t\t\t\t\t\t\t<\/div>\n\t\t\t\t<\/div>\n\t\t\t\t\t<\/div>\n\t\t\t\t<\/div>\n\t\t\t\t<\/div>\n\t\t","protected":false},"excerpt":{"rendered":"<p>Pr\u00e9sentation du Groupe d\u2019Ing\u00e9nieurs Consultants (GIC) Le GIC \u00e9t\u00e9 cr\u00e9\u00e9 en 1988 par un regroupement d\u2019ing\u00e9nieurs sous le statut de Groupement d\u2019Int\u00e9r\u00eat Economique (GIE). Il deviendra 6 ans plus tard en 1994 une Soci\u00e9t\u00e9 A Responsabilit\u00e9 Limit\u00e9e SARL. C\u2019est le<\/p>","protected":false},"author":1,"featured_media":0,"parent":0,"menu_order":0,"comment_status":"closed","ping_status":"closed","template":"","meta":{"_monsterinsights_skip_tracking":false,"_monsterinsights_sitenote_active":false,"_monsterinsights_sitenote_note":"","_monsterinsights_sitenote_category":0,"footnotes":""},"class_list":["post-598","page","type-page","status-publish","hentry"],"_links":{"self":[{"href":"https:\/\/www.gic-mali.com\/en\/wp-json\/wp\/v2\/pages\/598","targetHints":{"allow":["GET"]}}],"collection":[{"href":"https:\/\/www.gic-mali.com\/en\/wp-json\/wp\/v2\/pages"}],"about":[{"href":"https:\/\/www.gic-mali.com\/en\/wp-json\/wp\/v2\/types\/page"}],"author":[{"embeddable":true,"href":"https:\/\/www.gic-mali.com\/en\/wp-json\/wp\/v2\/users\/1"}],"replies":[{"embeddable":true,"href":"https:\/\/www.gic-mali.com\/en\/wp-json\/wp\/v2\/comments?post=598"}],"version-history":[{"count":94,"href":"https:\/\/www.gic-mali.com\/en\/wp-json\/wp\/v2\/pages\/598\/revisions"}],"predecessor-version":[{"id":2815,"href":"https:\/\/www.gic-mali.com\/en\/wp-json\/wp\/v2\/pages\/598\/revisions\/2815"}],"wp:attachment":[{"href":"https:\/\/www.gic-mali.com\/en\/wp-json\/wp\/v2\/media?parent=598"}],"curies":[{"name":"wp","href":"https:\/\/api.w.org\/{rel}","templated":true}]}}