{"id":590,"date":"2024-02-11T21:21:28","date_gmt":"2024-02-11T20:21:28","guid":{"rendered":"https:\/\/www.gic-mali.com\/?page_id=590"},"modified":"2024-03-06T19:14:20","modified_gmt":"2024-03-06T18:14:20","slug":"guinee","status":"publish","type":"page","link":"http:\/\/www.gic-mali.com\/en\/guinee\/","title":{"rendered":"Guinea"},"content":{"rendered":"<div data-elementor-type=\"wp-page\" data-elementor-id=\"590\" class=\"elementor elementor-590\">\n\t\t\t\t<div class=\"elementor-element elementor-element-832ede5 e-flex e-con-boxed e-con e-parent\" data-id=\"832ede5\" data-element_type=\"container\" data-e-type=\"container\">\n\t\t\t\t\t<div class=\"e-con-inner\">\n\t\t<div class=\"elementor-element elementor-element-0d87e9f e-con-full e-flex e-con e-child\" data-id=\"0d87e9f\" data-element_type=\"container\" data-e-type=\"container\">\n\t\t\t\t<div class=\"elementor-element elementor-element-aaf6e94 elementor-invisible elementor-widget elementor-widget-image\" data-id=\"aaf6e94\" data-element_type=\"widget\" data-e-type=\"widget\" data-settings=\"{&quot;_animation&quot;:&quot;fadeInLeft&quot;}\" data-widget_type=\"image.default\">\n\t\t\t\t<div class=\"elementor-widget-container\">\n\t\t\t\t\t\t\t\t\t\t\t\t\t\t\t<img fetchpriority=\"high\" decoding=\"async\" width=\"750\" height=\"563\" src=\"https:\/\/www.gic-mali.com\/wp-content\/uploads\/2024\/03\/ok-1024x768.jpg\" class=\"attachment-large size-large wp-image-2302\" alt=\"\" srcset=\"https:\/\/www.gic-mali.com\/wp-content\/uploads\/2024\/03\/ok-1024x768.jpg 1024w, https:\/\/www.gic-mali.com\/wp-content\/uploads\/2024\/03\/ok-300x225.jpg 300w, https:\/\/www.gic-mali.com\/wp-content\/uploads\/2024\/03\/ok-768x576.jpg 768w, https:\/\/www.gic-mali.com\/wp-content\/uploads\/2024\/03\/ok-200x150.jpg 200w, https:\/\/www.gic-mali.com\/wp-content\/uploads\/2024\/03\/ok.jpg 1380w\" sizes=\"(max-width: 750px) 100vw, 750px\" \/>\t\t\t\t\t\t\t\t\t\t\t\t\t\t\t<\/div>\n\t\t\t\t<\/div>\n\t\t\t\t<\/div>\n\t\t<div class=\"elementor-element elementor-element-98e6ca2 e-con-full e-flex e-con e-child\" data-id=\"98e6ca2\" data-element_type=\"container\" data-e-type=\"container\">\n\t\t\t\t<div class=\"elementor-element elementor-element-6bf8e17 elementor-invisible elementor-widget elementor-widget-image\" data-id=\"6bf8e17\" data-element_type=\"widget\" data-e-type=\"widget\" data-settings=\"{&quot;_animation&quot;:&quot;fadeInRight&quot;}\" data-widget_type=\"image.default\">\n\t\t\t\t<div class=\"elementor-widget-container\">\n\t\t\t\t\t\t\t\t\t\t\t\t\t\t\t<img decoding=\"async\" width=\"750\" height=\"581\" src=\"https:\/\/www.gic-mali.com\/wp-content\/uploads\/2024\/03\/Carte-Guinee-1.jpg\" class=\"attachment-large size-large wp-image-2333\" alt=\"\" srcset=\"https:\/\/www.gic-mali.com\/wp-content\/uploads\/2024\/03\/Carte-Guinee-1.jpg 1000w, https:\/\/www.gic-mali.com\/wp-content\/uploads\/2024\/03\/Carte-Guinee-1-300x233.jpg 300w, https:\/\/www.gic-mali.com\/wp-content\/uploads\/2024\/03\/Carte-Guinee-1-768x595.jpg 768w, https:\/\/www.gic-mali.com\/wp-content\/uploads\/2024\/03\/Carte-Guinee-1-200x155.jpg 200w\" sizes=\"(max-width: 750px) 100vw, 750px\" \/>\t\t\t\t\t\t\t\t\t\t\t\t\t\t\t<\/div>\n\t\t\t\t<\/div>\n\t\t\t\t<\/div>\n\t\t\t\t\t<\/div>\n\t\t\t\t<\/div>\n\t\t<div class=\"elementor-element elementor-element-3c22fb5 e-flex e-con-boxed elementor-invisible e-con e-parent\" data-id=\"3c22fb5\" data-element_type=\"container\" data-e-type=\"container\" data-settings=\"{&quot;background_background&quot;:&quot;classic&quot;,&quot;animation&quot;:&quot;fadeInDown&quot;}\">\n\t\t\t\t\t<div class=\"e-con-inner\">\n\t\t\t\t<div class=\"elementor-element elementor-element-3061932 elementor-widget elementor-widget-text-editor\" data-id=\"3061932\" data-element_type=\"widget\" data-e-type=\"widget\" data-widget_type=\"text-editor.default\">\n\t\t\t\t<div class=\"elementor-widget-container\">\n\t\t\t\t\t\t\t\t\t<h4>HE GIC Mali, with extensive experience acquired in Mali as well as in other countries in the sub-region, has decided to establish itself in Guinea in view of the emerging potential of this country.\nThis is how the Guinea Agency was created on November 28, 2007 and since then the GIC has ensured with the rigor and professionalism required the execution of services entrusted by various Partners for the development of Guinea.<\/h4>\t\t\t\t\t\t\t\t<\/div>\n\t\t\t\t<\/div>\n\t\t\t\t\t<\/div>\n\t\t\t\t<\/div>\n\t\t<div class=\"elementor-element elementor-element-adf7636 e-flex e-con-boxed elementor-invisible e-con e-parent\" data-id=\"adf7636\" data-element_type=\"container\" data-e-type=\"container\" data-settings=\"{&quot;animation&quot;:&quot;fadeInDown&quot;}\">\n\t\t\t\t\t<div class=\"e-con-inner\">\n\t\t\t\t<div class=\"elementor-element elementor-element-e654674 elementor-widget elementor-widget-heading\" data-id=\"e654674\" data-element_type=\"widget\" data-e-type=\"widget\" data-widget_type=\"heading.default\">\n\t\t\t\t<div class=\"elementor-widget-container\">\n\t\t\t\t\t<h2 class=\"elementor-heading-title elementor-size-default\">CONTACT<\/h2>\t\t\t\t<\/div>\n\t\t\t\t<\/div>\n\t\t\t\t\t<\/div>\n\t\t\t\t<\/div>\n\t\t<div class=\"elementor-element elementor-element-92431c9 e-flex e-con-boxed elementor-invisible e-con e-parent\" data-id=\"92431c9\" data-element_type=\"container\" data-e-type=\"container\" data-settings=\"{&quot;animation&quot;:&quot;fadeInLeft&quot;}\">\n\t\t\t\t\t<div class=\"e-con-inner\">\n\t\t\t\t<div class=\"elementor-element elementor-element-f6fcd8b elementor-widget-divider--view-line elementor-widget elementor-widget-divider\" data-id=\"f6fcd8b\" data-element_type=\"widget\" data-e-type=\"widget\" data-widget_type=\"divider.default\">\n\t\t\t\t<div class=\"elementor-widget-container\">\n\t\t\t\t\t\t\t<div class=\"elementor-divider\">\n\t\t\t<span class=\"elementor-divider-separator\">\n\t\t\t\t\t\t<\/span>\n\t\t<\/div>\n\t\t\t\t\t\t<\/div>\n\t\t\t\t<\/div>\n\t\t\t\t\t<\/div>\n\t\t\t\t<\/div>\n\t\t<div class=\"elementor-element elementor-element-6eefa55 e-flex e-con-boxed elementor-invisible e-con e-parent\" data-id=\"6eefa55\" data-element_type=\"container\" data-e-type=\"container\" data-settings=\"{&quot;animation&quot;:&quot;fadeInDown&quot;}\">\n\t\t\t\t\t<div class=\"e-con-inner\">\n\t\t\t\t<div class=\"elementor-element elementor-element-1bcfba2 elementor-widget elementor-widget-text-editor\" data-id=\"1bcfba2\" data-element_type=\"widget\" data-e-type=\"widget\" data-widget_type=\"text-editor.default\">\n\t\t\t\t<div class=\"elementor-widget-container\">\n\t\t\t\t\t\t\t\t\t<h4><strong>Address :<\/strong> Matam commune, Carrefour Constantin, DING CITY Building, Conakry<\/h4><h4><strong>Phone :<\/strong> (+224)\u00a0 622 27 96 87<\/h4><h4><strong>Email :<\/strong> <u>ablo48banconi@yahoo.fr<\/u> \/ <u>traoregicmali@gmail.com<\/u><\/h4>\t\t\t\t\t\t\t\t<\/div>\n\t\t\t\t<\/div>\n\t\t\t\t\t<\/div>\n\t\t\t\t<\/div>\n\t\t\t\t<\/div>","protected":false},"excerpt":{"rendered":"<p>Le GIC Mali, riche d\u2019une grande exp\u00e9rience acquise au Mali aussi bien que dans d\u2019autres pays de la sous-r\u00e9gion, a d\u00e9cid\u00e9 de s\u2019implanter en Guin\u00e9e au vu du potentiel \u00e9mergent de ce pays. C\u2019est ainsi que l\u2019Agence de Guin\u00e9e a<\/p>","protected":false},"author":1,"featured_media":0,"parent":0,"menu_order":0,"comment_status":"closed","ping_status":"closed","template":"","meta":{"_monsterinsights_skip_tracking":false,"_monsterinsights_sitenote_active":false,"_monsterinsights_sitenote_note":"","_monsterinsights_sitenote_category":0,"footnotes":""},"class_list":["post-590","page","type-page","status-publish","hentry"],"_links":{"self":[{"href":"http:\/\/www.gic-mali.com\/en\/wp-json\/wp\/v2\/pages\/590","targetHints":{"allow":["GET"]}}],"collection":[{"href":"http:\/\/www.gic-mali.com\/en\/wp-json\/wp\/v2\/pages"}],"about":[{"href":"http:\/\/www.gic-mali.com\/en\/wp-json\/wp\/v2\/types\/page"}],"author":[{"embeddable":true,"href":"http:\/\/www.gic-mali.com\/en\/wp-json\/wp\/v2\/users\/1"}],"replies":[{"embeddable":true,"href":"http:\/\/www.gic-mali.com\/en\/wp-json\/wp\/v2\/comments?post=590"}],"version-history":[{"count":58,"href":"http:\/\/www.gic-mali.com\/en\/wp-json\/wp\/v2\/pages\/590\/revisions"}],"predecessor-version":[{"id":2363,"href":"http:\/\/www.gic-mali.com\/en\/wp-json\/wp\/v2\/pages\/590\/revisions\/2363"}],"wp:attachment":[{"href":"http:\/\/www.gic-mali.com\/en\/wp-json\/wp\/v2\/media?parent=590"}],"curies":[{"name":"wp","href":"https:\/\/api.w.org\/{rel}","templated":true}]}}